{"id":2406,"date":"2023-10-02T07:44:05","date_gmt":"2023-10-02T04:44:05","guid":{"rendered":"https:\/\/hanspacespiyalepasa.com\/aydinlatma-metni\/"},"modified":"2025-05-12T11:33:45","modified_gmt":"2025-05-12T08:33:45","slug":"information-text-on-the-protection-of-personal-data-processed-in-the-contact-forms","status":"publish","type":"page","link":"https:\/\/hanspacespiyalepasa.com\/en\/information-text-on-the-protection-of-personal-data-processed-in-the-contact-forms\/","title":{"rendered":"Information Text On The Protection Of Personal Data Processed In The Contact Forms"},"content":{"rendered":"\t\t<div data-elementor-type=\"wp-page\" data-elementor-id=\"2406\" class=\"elementor elementor-2406 elementor-1855\" data-elementor-post-type=\"page\">\n\t\t\t\t\t\t<section class=\"elementor-section elementor-top-section elementor-element elementor-element-0d48dfe elementor-section-boxed elementor-section-height-default elementor-section-height-default\" data-id=\"0d48dfe\" data-element_type=\"section\" data-settings=\"{&quot;jet_parallax_layout_list&quot;:[],&quot;background_background&quot;:&quot;classic&quot;}\">\n\t\t\t\t\t\t<div class=\"elementor-container elementor-column-gap-no\">\n\t\t\t\t\t<div class=\"elementor-column elementor-col-100 elementor-top-column elementor-element elementor-element-1457c91\" data-id=\"1457c91\" data-element_type=\"column\">\n\t\t\t<div class=\"elementor-widget-wrap elementor-element-populated\">\n\t\t\t\t\t\t<div class=\"elementor-element elementor-element-702f42c animated-slow elementor-invisible elementor-widget elementor-widget-heading\" data-id=\"702f42c\" data-element_type=\"widget\" data-settings=\"{&quot;_animation&quot;:&quot;fadeIn&quot;}\" data-widget_type=\"heading.default\">\n\t\t\t\t<div class=\"elementor-widget-container\">\n\t\t\t\t\t<h2 class=\"elementor-heading-title elementor-size-default\">Information Text On The Protection Of Personal Data Processed In The Contact Forms<\/h2>\t\t\t\t<\/div>\n\t\t\t\t<\/div>\n\t\t\t\t<div class=\"elementor-element elementor-element-d1cdc10 animated-slow elementor-invisible elementor-widget elementor-widget-heading\" data-id=\"d1cdc10\" data-element_type=\"widget\" data-settings=\"{&quot;_animation&quot;:&quot;fadeIn&quot;}\" data-widget_type=\"heading.default\">\n\t\t\t\t<div class=\"elementor-widget-container\">\n\t\t\t\t\t<h2 class=\"elementor-heading-title elementor-size-default\">As Piyalepa\u015fa Gayrimenkul Geli\u015ftirme Yat\u0131r\u0131m\u0131 ve Tic. A.\u015e. (\u201cP\u0130YALEPA\u015eA\u201d) located at \u0130stiklal Dist. Piyalepa\u015fa Blvd. No:24 No:5 Beyo\u011flu\/Istanbul, your personal data in the type of name, surname, telephone number, e-mail address you have shared in this Contact Form are collected;<\/h2>\t\t\t\t<\/div>\n\t\t\t\t<\/div>\n\t\t\t\t<div class=\"elementor-element elementor-element-fb78876 animated-slow elementor-invisible elementor-widget elementor-widget-heading\" data-id=\"fb78876\" data-element_type=\"widget\" data-settings=\"{&quot;_animation&quot;:&quot;fadeIn&quot;}\" data-widget_type=\"heading.default\">\n\t\t\t\t<div class=\"elementor-widget-container\">\n\t\t\t\t\t<h2 class=\"elementor-heading-title elementor-size-default\">\u2022\tTo inform you about the Piyalepa\u015fa Istanbul project, To increase the quality of service, <br>\n\u2022\tto communicate with you during the real estate marketing and sales processes,<br>\n\u2022\tTo carry out all kinds of marketing, campaigns, promotions, advertisements, and communication activities,\n<\/h2>\t\t\t\t<\/div>\n\t\t\t\t<\/div>\n\t\t\t\t<div class=\"elementor-element elementor-element-7e1d794 animated-slow elementor-invisible elementor-widget elementor-widget-heading\" data-id=\"7e1d794\" data-element_type=\"widget\" data-settings=\"{&quot;_animation&quot;:&quot;fadeIn&quot;}\" data-widget_type=\"heading.default\">\n\t\t\t\t<div class=\"elementor-widget-container\">\n\t\t\t\t\t<h2 class=\"elementor-heading-title elementor-size-default\"> limited to the purposes of automatic and non-automatic verbal, written or electronic media based on the legal reason specified in paragraph 5\/1 of the Personal Data Protection Law No. 6698 (\u201cLaw\u201d). collected methods. Your personal data mentioned above will be transferred to the companies, subsidiaries, undertakings operating under the Polat Group of Companies in accordance with paragraph 8\/1 of the Law, again limited to the above-mentioned purposes, and to the data controllers who are engaged in a common and specific economic activity due to all kinds of business and business ties, including business and project partnerships in the activities of our group of companies, or who have a common decision mechanism regarding the data processing activity, and to the housing projects and suppliers of the dominant or minor shareholders or partners of the legal entity in question. The aforementioned *companies are as follows; <\/h2>\t\t\t\t<\/div>\n\t\t\t\t<\/div>\n\t\t\t\t<div class=\"elementor-element elementor-element-776b9a0 animated-slow elementor-invisible elementor-widget elementor-widget-heading\" data-id=\"776b9a0\" data-element_type=\"widget\" data-settings=\"{&quot;_animation&quot;:&quot;fadeIn&quot;}\" data-widget_type=\"heading.default\">\n\t\t\t\t<div class=\"elementor-widget-container\">\n\t\t\t\t\t<h2 class=\"elementor-heading-title elementor-size-default\">\u2022\tPolat Y\u00f6netim Dan\u0131\u015fmanl\u0131k Hizmetleri A.\u015e<br>\n\u2022\tPolat Kentsel Gayrimenkul Geli\u015ftirme A.\u015e.<br>\n\u2022\tPiyalepa\u015fa Y\u00f6netim Dan\u0131\u015fmanl\u0131k A.\u015e.      <br> \n\u2022\tPiyalepa\u015fa Gayrimenkul Geli\u015ftirme Yat\u0131r\u0131m\u0131 Ve Ticaret A.\u015e.<br>\n\u2022\tPolat Holding A.\u015e.<br>\n\u2022\tPd Real Estate Development Kft<br>\n\u2022\tApd Real Estate Kft<br>\n\u2022\tPearl Real Estate Development Kft.<\/h2>\t\t\t\t<\/div>\n\t\t\t\t<\/div>\n\t\t\t\t<div class=\"elementor-element elementor-element-2c1dc96 animated-slow elementor-invisible elementor-widget elementor-widget-heading\" data-id=\"2c1dc96\" data-element_type=\"widget\" data-settings=\"{&quot;_animation&quot;:&quot;fadeIn&quot;}\" data-widget_type=\"heading.default\">\n\t\t\t\t<div class=\"elementor-widget-container\">\n\t\t\t\t\t<h2 class=\"elementor-heading-title elementor-size-default\">* These are the real or legal entities with their exact titles, included in the registry, as they are.<\/h2>\t\t\t\t<\/div>\n\t\t\t\t<\/div>\n\t\t\t\t<div class=\"elementor-element elementor-element-c16bc40 animated-slow elementor-invisible elementor-widget elementor-widget-heading\" data-id=\"c16bc40\" data-element_type=\"widget\" data-settings=\"{&quot;_animation&quot;:&quot;fadeIn&quot;}\" data-widget_type=\"heading.default\">\n\t\t\t\t<div class=\"elementor-widget-container\">\n\t\t\t\t\t<h2 class=\"elementor-heading-title elementor-size-default\">As specified in Article 11 of the Law, any time you wish, you can request the compensation of the damage (or violation) and submit your applications regarding your rights to P\u0130YALEPA\u015eA for; <\/h2>\t\t\t\t<\/div>\n\t\t\t\t<\/div>\n\t\t\t\t<div class=\"elementor-element elementor-element-4215a81 animated-slow elementor-invisible elementor-widget elementor-widget-heading\" data-id=\"4215a81\" data-element_type=\"widget\" data-settings=\"{&quot;_animation&quot;:&quot;fadeIn&quot;}\" data-widget_type=\"heading.default\">\n\t\t\t\t<div class=\"elementor-widget-container\">\n\t\t\t\t\t<h2 class=\"elementor-heading-title elementor-size-default\">\u2022\tLearning whether personal data is processed or not, <br>\n\u2022\tIf your personal data has been processed, requesting information about it, <br>\n\u2022\tLearning the purpose of processing personal data and whether they are used in accordance with the intended objective purpose, <br>\n\n\u2022\tDemanding information about the third parties to whom personal data is transferred locally or cross-border, <br>\n\u2022\tRequesting correction of personal data if it is incomplete or incorrectly processed, <br>\n\u2022\tRequesting the deletion or destruction of personal data within the framework of the conditions stipulated in Article 7 of the Law, <br>\n\u2022\tRequesting notification of third parties to whom personal data has been transferred, regarding the rectification, deletion or destruction of incomplete or incorrectly processed personal data, <br>\n\u2022\tObjecting to the emergence of a result against the person himself by analyzing the processed data exclusively through automated systems, <br>\n\u2022\tRequesting the compensation of the damage in case of loss due to the unlawful processing of personal data. \n<\/h2>\t\t\t\t<\/div>\n\t\t\t\t<\/div>\n\t\t\t\t<div class=\"elementor-element elementor-element-cee37e5 animated-slow elementor-invisible elementor-widget elementor-widget-heading\" data-id=\"cee37e5\" data-element_type=\"widget\" data-settings=\"{&quot;_animation&quot;:&quot;fadeIn&quot;}\" data-widget_type=\"heading.default\">\n\t\t\t\t<div class=\"elementor-widget-container\">\n\t\t\t\t\t<h2 class=\"elementor-heading-title elementor-size-default\">You can submit your applications regarding your rights and the compliance issues about the Law to infokvkk@piyalepasa.com.tr by using a wet-signed copy that clearly states your demands. These applications can be sent in person or through a notary public to \u201c\u0130stiklal Dist. Piyalepa\u015fa Blvd. No:24 No:5 Beyo\u011flu\/Istanbul\u201d address, Your KEP (Registered Electronic Mail) address, secure electronic signature, mobile signature or your e-mail address previously notified to P\u0130YALEPA\u015eA and registered in P\u0130YALEPA\u015eA's system. If requests within this scope are to be answered in writing, P\u0130YALEPA\u015eA will respond without charge for up to ten pages, with a processing fee of 1 Turkish Lira for each page over ten pages. If the response to the application is given in a recording medium such as CD or flash memory, the fee that may be requested by P\u0130YALEPA\u015eA will not exceed the cost of the recording medium. <\/h2>\t\t\t\t<\/div>\n\t\t\t\t<\/div>\n\t\t\t\t<div class=\"elementor-element elementor-element-0f62502 animated-slow elementor-invisible elementor-widget elementor-widget-heading\" data-id=\"0f62502\" data-element_type=\"widget\" data-settings=\"{&quot;_animation&quot;:&quot;fadeIn&quot;}\" data-widget_type=\"heading.default\">\n\t\t\t\t<div class=\"elementor-widget-container\">\n\t\t\t\t\t<h2 class=\"elementor-heading-title elementor-size-default\">Piyalepa\u015fa Gayrimenkul Geli\u015ftirme Yat\u0131r\u0131m\u0131 ve Tic. A.\u015e.<\/h2>\t\t\t\t<\/div>\n\t\t\t\t<\/div>\n\t\t\t\t\t<\/div>\n\t\t<\/div>\n\t\t\t\t\t<\/div>\n\t\t<\/section>\n\t\t\t\t<\/div>\n\t\t","protected":false},"excerpt":{"rendered":"<p>Information Text On The Protection Of Personal Data Processed In The Contact Forms As Piyalepa\u015fa Gayrimenkul Geli\u015ftirme Yat\u0131r\u0131m\u0131 ve Tic. A.\u015e. (\u201cP\u0130YALEPA\u015eA\u201d) located at \u0130stiklal Dist. Piyalepa\u015fa Blvd. No:24 No:5 Beyo\u011flu\/Istanbul, your personal data in the type of name, surname, telephone number, e-mail address you have shared in this Contact Form are collected; \u2022 To [&hellip;]<\/p>\n","protected":false},"author":6,"featured_media":0,"parent":0,"menu_order":0,"comment_status":"closed","ping_status":"closed","template":"elementor_header_footer","meta":{"_acf_changed":false,"_themeisle_gutenberg_block_has_review":false,"footnotes":""},"class_list":["post-2406","page","type-page","status-publish","hentry"],"acf":[],"yoast_head":"<!-- This site is optimized with the Yoast SEO Premium plugin v25.0 (Yoast SEO v26.6) - https:\/\/yoast.com\/wordpress\/plugins\/seo\/ -->\n<title>Information Text On The Protection Of Personal Data Processed In The Contact Forms - HAN Spaces Piyalepa\u015fa<\/title>\n<meta name=\"description\" content=\"Shared hybrid workspaces, ready offices, and co-working facilities in the heart of Istanbul&#039;s Beyo\u011flu!\" \/>\n<meta name=\"robots\" content=\"noindex, nofollow\" \/>\n<meta property=\"og:locale\" content=\"en_US\" \/>\n<meta property=\"og:type\" content=\"article\" \/>\n<meta property=\"og:title\" content=\"Information Text On The Protection Of Personal Data Processed In The Contact Forms\" \/>\n<meta property=\"og:description\" content=\"Shared hybrid workspaces, ready offices, and co-working facilities in the heart of Istanbul&#039;s Beyo\u011flu!\" \/>\n<meta property=\"og:url\" content=\"https:\/\/hanspacespiyalepasa.com\/en\/information-text-on-the-protection-of-personal-data-processed-in-the-contact-forms\/\" \/>\n<meta property=\"og:site_name\" content=\"HAN Spaces Piyalepa\u015fa\" \/>\n<meta property=\"article:modified_time\" content=\"2025-05-12T08:33:45+00:00\" \/>\n<meta property=\"og:image\" content=\"https:\/\/hanspacespiyalepasa.com\/wp-content\/uploads\/2023\/11\/hanspaces-piyalepasa.jpg\" \/>\n\t<meta property=\"og:image:width\" content=\"1200\" \/>\n\t<meta property=\"og:image:height\" content=\"625\" \/>\n\t<meta property=\"og:image:type\" content=\"image\/jpeg\" \/>\n<meta name=\"twitter:card\" content=\"summary_large_image\" \/>\n<meta name=\"twitter:label1\" content=\"Est. reading time\" \/>\n\t<meta name=\"twitter:data1\" content=\"3 minutes\" \/>\n<script type=\"application\/ld+json\" class=\"yoast-schema-graph\">{\"@context\":\"https:\/\/schema.org\",\"@graph\":[{\"@type\":\"WebPage\",\"@id\":\"https:\/\/hanspacespiyalepasa.com\/en\/information-text-on-the-protection-of-personal-data-processed-in-the-contact-forms\/\",\"url\":\"https:\/\/hanspacespiyalepasa.com\/en\/information-text-on-the-protection-of-personal-data-processed-in-the-contact-forms\/\",\"name\":\"Information Text On The Protection Of Personal Data Processed In The Contact Forms - HAN Spaces Piyalepa\u015fa\",\"isPartOf\":{\"@id\":\"https:\/\/hanspacespiyalepasa.com\/en\/#website\"},\"datePublished\":\"2023-10-02T04:44:05+00:00\",\"dateModified\":\"2025-05-12T08:33:45+00:00\",\"description\":\"Shared hybrid workspaces, ready offices, and co-working facilities in the heart of Istanbul's Beyo\u011flu!\",\"breadcrumb\":{\"@id\":\"https:\/\/hanspacespiyalepasa.com\/en\/information-text-on-the-protection-of-personal-data-processed-in-the-contact-forms\/#breadcrumb\"},\"inLanguage\":\"en-US\",\"potentialAction\":[{\"@type\":\"ReadAction\",\"target\":[\"https:\/\/hanspacespiyalepasa.com\/en\/information-text-on-the-protection-of-personal-data-processed-in-the-contact-forms\/\"]}]},{\"@type\":\"BreadcrumbList\",\"@id\":\"https:\/\/hanspacespiyalepasa.com\/en\/information-text-on-the-protection-of-personal-data-processed-in-the-contact-forms\/#breadcrumb\",\"itemListElement\":[{\"@type\":\"ListItem\",\"position\":1,\"name\":\"Home\",\"item\":\"https:\/\/hanspacespiyalepasa.com\/en\/\"},{\"@type\":\"ListItem\",\"position\":2,\"name\":\"Information Text On The Protection Of Personal Data Processed In The Contact Forms\"}]},{\"@type\":\"WebSite\",\"@id\":\"https:\/\/hanspacespiyalepasa.com\/en\/#website\",\"url\":\"https:\/\/hanspacespiyalepasa.com\/en\/\",\"name\":\"HAN Spaces Piyalepasa\",\"description\":\"\",\"publisher\":{\"@id\":\"https:\/\/hanspacespiyalepasa.com\/en\/#organization\"},\"inLanguage\":\"en-US\"},{\"@type\":[\"Organization\",\"LocalBusiness\"],\"@id\":\"https:\/\/hanspacespiyalepasa.com\/en\/#organization\",\"name\":\"HAN Spaces Piyalepasa\",\"url\":\"https:\/\/hanspacespiyalepasa.com\/en\/\",\"logo\":{\"@type\":\"ImageObject\",\"url\":\"https:\/\/hanspacespiyalepasa.com\/wp-content\/uploads\/2023\/07\/hanspace.svg\"},\"image\":\"https:\/\/hanspacespiyalepasa.com\/wp-content\/uploads\/2023\/07\/hanspace.svg\",\"additionalType\":\"https:\/\/schema.org\/CoworkingSpace\",\"description\":\"HAN Spaces Piyalepa\u015fa, 7\/24 eri\u015fim, y\u00fcksek h\u0131zl\u0131 internet, resepsiyon, ikramlar ve g\u00fcvenlik hizmetleri sunan modern bir ortak \u00e7al\u0131\u015fma alan\u0131d\u0131r.\",\"telephone\":\"+90 850 211 97 98\",\"email\":\"info@hanspacespiyalepasa.com\",\"priceRange\":\"\u20ba\u20ba\",\"address\":{\"@type\":\"PostalAddress\",\"streetAddress\":\"\u0130stiklal Mah. Piyalepa\u015fa Bulvar\u0131 22\/1 Ticari, B Blok\",\"addressLocality\":\"Beyo\u011flu\",\"addressRegion\":\"\u0130stanbul\",\"postalCode\":\"34440\",\"addressCountry\":\"TR\"},\"geo\":{\"@type\":\"GeoCoordinates\",\"latitude\":41.038222,\"longitude\":28.9675},\"openingHoursSpecification\":[{\"@type\":\"OpeningHoursSpecification\",\"dayOfWeek\":[\"Monday\",\"Tuesday\",\"Wednesday\",\"Thursday\",\"Friday\",\"Saturday\",\"Sunday\"],\"opens\":\"00:00\",\"closes\":\"23:59\"}],\"amenityFeature\":[{\"@type\":\"LocationFeatureSpecification\",\"name\":\"Y\u00fcksek H\u0131zda Wi-Fi\",\"value\":true},{\"@type\":\"LocationFeatureSpecification\",\"name\":\"7\/24 Lokasyon Kullan\u0131m\u0131\",\"value\":true},{\"@type\":\"LocationFeatureSpecification\",\"name\":\"7\/24 G\u00fcvenlik & CCTV\",\"value\":true},{\"@type\":\"LocationFeatureSpecification\",\"name\":\"Kahve ve \u0130kramlar\",\"value\":true},{\"@type\":\"LocationFeatureSpecification\",\"name\":\"Resepsiyon Hizmetleri\",\"value\":true}],\"sameAs\":[\"https:\/\/www.instagram.com\/han_spaces\/\",\"https:\/\/www.facebook.com\/hanspaces.coworking\/\",\"https:\/\/www.linkedin.com\/company\/han-spaces\/\"]}]}<\/script>\n<!-- \/ Yoast SEO Premium plugin. -->","yoast_head_json":{"title":"Information Text On The Protection Of Personal Data Processed In The Contact Forms - HAN Spaces Piyalepa\u015fa","description":"Shared hybrid workspaces, ready offices, and co-working facilities in the heart of Istanbul's Beyo\u011flu!","robots":{"index":"noindex","follow":"nofollow"},"og_locale":"en_US","og_type":"article","og_title":"Information Text On The Protection Of Personal Data Processed In The Contact Forms","og_description":"Shared hybrid workspaces, ready offices, and co-working facilities in the heart of Istanbul's Beyo\u011flu!","og_url":"https:\/\/hanspacespiyalepasa.com\/en\/information-text-on-the-protection-of-personal-data-processed-in-the-contact-forms\/","og_site_name":"HAN Spaces Piyalepa\u015fa","article_modified_time":"2025-05-12T08:33:45+00:00","og_image":[{"width":1200,"height":625,"url":"https:\/\/hanspacespiyalepasa.com\/wp-content\/uploads\/2023\/11\/hanspaces-piyalepasa.jpg","type":"image\/jpeg"}],"twitter_card":"summary_large_image","twitter_misc":{"Est. reading time":"3 minutes"},"schema":{"@context":"https:\/\/schema.org","@graph":[{"@type":"WebPage","@id":"https:\/\/hanspacespiyalepasa.com\/en\/information-text-on-the-protection-of-personal-data-processed-in-the-contact-forms\/","url":"https:\/\/hanspacespiyalepasa.com\/en\/information-text-on-the-protection-of-personal-data-processed-in-the-contact-forms\/","name":"Information Text On The Protection Of Personal Data Processed In The Contact Forms - HAN Spaces Piyalepa\u015fa","isPartOf":{"@id":"https:\/\/hanspacespiyalepasa.com\/en\/#website"},"datePublished":"2023-10-02T04:44:05+00:00","dateModified":"2025-05-12T08:33:45+00:00","description":"Shared hybrid workspaces, ready offices, and co-working facilities in the heart of Istanbul's Beyo\u011flu!","breadcrumb":{"@id":"https:\/\/hanspacespiyalepasa.com\/en\/information-text-on-the-protection-of-personal-data-processed-in-the-contact-forms\/#breadcrumb"},"inLanguage":"en-US","potentialAction":[{"@type":"ReadAction","target":["https:\/\/hanspacespiyalepasa.com\/en\/information-text-on-the-protection-of-personal-data-processed-in-the-contact-forms\/"]}]},{"@type":"BreadcrumbList","@id":"https:\/\/hanspacespiyalepasa.com\/en\/information-text-on-the-protection-of-personal-data-processed-in-the-contact-forms\/#breadcrumb","itemListElement":[{"@type":"ListItem","position":1,"name":"Home","item":"https:\/\/hanspacespiyalepasa.com\/en\/"},{"@type":"ListItem","position":2,"name":"Information Text On The Protection Of Personal Data Processed In The Contact Forms"}]},{"@type":"WebSite","@id":"https:\/\/hanspacespiyalepasa.com\/en\/#website","url":"https:\/\/hanspacespiyalepasa.com\/en\/","name":"HAN Spaces Piyalepasa","description":"","publisher":{"@id":"https:\/\/hanspacespiyalepasa.com\/en\/#organization"},"inLanguage":"en-US"},{"@type":["Organization","LocalBusiness"],"@id":"https:\/\/hanspacespiyalepasa.com\/en\/#organization","name":"HAN Spaces Piyalepasa","url":"https:\/\/hanspacespiyalepasa.com\/en\/","logo":{"@type":"ImageObject","url":"https:\/\/hanspacespiyalepasa.com\/wp-content\/uploads\/2023\/07\/hanspace.svg"},"image":"https:\/\/hanspacespiyalepasa.com\/wp-content\/uploads\/2023\/07\/hanspace.svg","additionalType":"https:\/\/schema.org\/CoworkingSpace","description":"HAN Spaces Piyalepa\u015fa, 7\/24 eri\u015fim, y\u00fcksek h\u0131zl\u0131 internet, resepsiyon, ikramlar ve g\u00fcvenlik hizmetleri sunan modern bir ortak \u00e7al\u0131\u015fma alan\u0131d\u0131r.","telephone":"+90 850 211 97 98","email":"info@hanspacespiyalepasa.com","priceRange":"\u20ba\u20ba","address":{"@type":"PostalAddress","streetAddress":"\u0130stiklal Mah. Piyalepa\u015fa Bulvar\u0131 22\/1 Ticari, B Blok","addressLocality":"Beyo\u011flu","addressRegion":"\u0130stanbul","postalCode":"34440","addressCountry":"TR"},"geo":{"@type":"GeoCoordinates","latitude":41.038222,"longitude":28.9675},"openingHoursSpecification":[{"@type":"OpeningHoursSpecification","dayOfWeek":["Monday","Tuesday","Wednesday","Thursday","Friday","Saturday","Sunday"],"opens":"00:00","closes":"23:59"}],"amenityFeature":[{"@type":"LocationFeatureSpecification","name":"Y\u00fcksek H\u0131zda Wi-Fi","value":true},{"@type":"LocationFeatureSpecification","name":"7\/24 Lokasyon Kullan\u0131m\u0131","value":true},{"@type":"LocationFeatureSpecification","name":"7\/24 G\u00fcvenlik & CCTV","value":true},{"@type":"LocationFeatureSpecification","name":"Kahve ve \u0130kramlar","value":true},{"@type":"LocationFeatureSpecification","name":"Resepsiyon Hizmetleri","value":true}],"sameAs":["https:\/\/www.instagram.com\/han_spaces\/","https:\/\/www.facebook.com\/hanspaces.coworking\/","https:\/\/www.linkedin.com\/company\/han-spaces\/"]}]}},"_links":{"self":[{"href":"https:\/\/hanspacespiyalepasa.com\/en\/wp-json\/wp\/v2\/pages\/2406","targetHints":{"allow":["GET"]}}],"collection":[{"href":"https:\/\/hanspacespiyalepasa.com\/en\/wp-json\/wp\/v2\/pages"}],"about":[{"href":"https:\/\/hanspacespiyalepasa.com\/en\/wp-json\/wp\/v2\/types\/page"}],"author":[{"embeddable":true,"href":"https:\/\/hanspacespiyalepasa.com\/en\/wp-json\/wp\/v2\/users\/6"}],"replies":[{"embeddable":true,"href":"https:\/\/hanspacespiyalepasa.com\/en\/wp-json\/wp\/v2\/comments?post=2406"}],"version-history":[{"count":0,"href":"https:\/\/hanspacespiyalepasa.com\/en\/wp-json\/wp\/v2\/pages\/2406\/revisions"}],"wp:attachment":[{"href":"https:\/\/hanspacespiyalepasa.com\/en\/wp-json\/wp\/v2\/media?parent=2406"}],"curies":[{"name":"wp","href":"https:\/\/api.w.org\/{rel}","templated":true}]}}