{"id":2400,"date":"2023-09-04T13:09:10","date_gmt":"2023-09-04T13:09:10","guid":{"rendered":"https:\/\/hanspacespiyalepasa.com\/aciki-riza-beyani-ve-iys-onayi\/"},"modified":"2024-11-12T02:45:26","modified_gmt":"2024-11-12T02:45:26","slug":"explicit-consent-statement-regarding-the-processing-of-my-personal-data","status":"publish","type":"page","link":"https:\/\/hanspacespiyalepasa.com\/en\/explicit-consent-statement-regarding-the-processing-of-my-personal-data\/","title":{"rendered":"Explicit Consent Statement Regarding the Processing of My Personal Data"},"content":{"rendered":"\t\t<div data-elementor-type=\"wp-page\" data-elementor-id=\"2400\" class=\"elementor elementor-2400 elementor-995\" data-elementor-post-type=\"page\">\n\t\t\t\t\t\t<section class=\"elementor-section elementor-top-section elementor-element elementor-element-0d48dfe elementor-section-boxed elementor-section-height-default elementor-section-height-default\" data-id=\"0d48dfe\" data-element_type=\"section\" data-settings=\"{&quot;jet_parallax_layout_list&quot;:[],&quot;background_background&quot;:&quot;classic&quot;}\">\n\t\t\t\t\t\t<div class=\"elementor-container elementor-column-gap-no\">\n\t\t\t\t\t<div class=\"elementor-column elementor-col-100 elementor-top-column elementor-element elementor-element-1457c91\" data-id=\"1457c91\" data-element_type=\"column\">\n\t\t\t<div class=\"elementor-widget-wrap elementor-element-populated\">\n\t\t\t\t\t\t<div class=\"elementor-element elementor-element-702f42c animated-slow elementor-invisible elementor-widget elementor-widget-heading\" data-id=\"702f42c\" data-element_type=\"widget\" data-settings=\"{&quot;_animation&quot;:&quot;fadeIn&quot;}\" data-widget_type=\"heading.default\">\n\t\t\t\t<div class=\"elementor-widget-container\">\n\t\t\t\t\t<h2 class=\"elementor-heading-title elementor-size-default\">Explicit Consent Statement Regarding the Processing of My Personal Data<\/h2>\t\t\t\t<\/div>\n\t\t\t\t<\/div>\n\t\t\t\t<div class=\"elementor-element elementor-element-fde5ba6 animated-slow elementor-invisible elementor-widget elementor-widget-heading\" data-id=\"fde5ba6\" data-element_type=\"widget\" data-settings=\"{&quot;_animation&quot;:&quot;fadeIn&quot;}\" data-widget_type=\"heading.default\">\n\t\t\t\t<div class=\"elementor-widget-container\">\n\t\t\t\t\t<h2 class=\"elementor-heading-title elementor-size-default\">I accept and declare explicitly that \u201cI consent the cross \u2013 border transfer of my personal data to your customers abroad and to your database whose servers are located abroad\u201d for the purpose of carrying out membership activities by your Company and related legitimate parties.<\/h2>\t\t\t\t<\/div>\n\t\t\t\t<\/div>\n\t\t\t\t<div class=\"elementor-element elementor-element-fb78876 animated-slow elementor-invisible elementor-widget elementor-widget-heading\" data-id=\"fb78876\" data-element_type=\"widget\" data-settings=\"{&quot;_animation&quot;:&quot;fadeIn&quot;}\" data-widget_type=\"heading.default\">\n\t\t\t\t<div class=\"elementor-widget-container\">\n\t\t\t\t\t<h2 class=\"elementor-heading-title elementor-size-default\">I accept and declare explicitly that I consent to receive commercial electronic messages from\n P\u0130YALEPA\u015eA via SMS and e-mail or via the methods stated in the relevant legislation.\n\n<\/h2>\t\t\t\t<\/div>\n\t\t\t\t<\/div>\n\t\t\t\t\t<\/div>\n\t\t<\/div>\n\t\t\t\t\t<\/div>\n\t\t<\/section>\n\t\t\t\t<\/div>\n\t\t","protected":false},"excerpt":{"rendered":"<p>Explicit Consent Statement Regarding the Processing of My Personal Data I accept and declare explicitly that \u201cI consent the cross \u2013 border transfer of my personal data to your customers abroad and to your database whose servers are located abroad\u201d for the purpose of carrying out membership activities by your Company and related legitimate parties. [&hellip;]<\/p>\n","protected":false},"author":6,"featured_media":0,"parent":0,"menu_order":0,"comment_status":"closed","ping_status":"closed","template":"elementor_header_footer","meta":{"_acf_changed":false,"_themeisle_gutenberg_block_has_review":false,"footnotes":""},"class_list":["post-2400","page","type-page","status-publish","hentry"],"acf":[],"yoast_head":"<!-- This site is optimized with the Yoast SEO Premium plugin v25.0 (Yoast SEO v26.6) - https:\/\/yoast.com\/wordpress\/plugins\/seo\/ -->\n<title>Explicit Consent Statement Regarding the Processing of My Personal Data - HAN Spaces Piyalepa\u015fa<\/title>\n<meta name=\"description\" content=\"Shared hybrid workspaces, ready offices, and co-working facilities in the heart of Istanbul&#039;s Beyo\u011flu!\" \/>\n<meta name=\"robots\" content=\"noindex, nofollow\" \/>\n<meta property=\"og:locale\" content=\"en_US\" \/>\n<meta property=\"og:type\" content=\"article\" \/>\n<meta property=\"og:title\" content=\"Explicit Consent Statement Regarding the Processing of My Personal Data\" \/>\n<meta property=\"og:description\" content=\"Shared hybrid workspaces, ready offices, and co-working facilities in the heart of Istanbul&#039;s Beyo\u011flu!\" \/>\n<meta property=\"og:url\" content=\"https:\/\/hanspacespiyalepasa.com\/en\/explicit-consent-statement-regarding-the-processing-of-my-personal-data\/\" \/>\n<meta property=\"og:site_name\" content=\"HAN Spaces Piyalepa\u015fa\" \/>\n<meta property=\"article:modified_time\" content=\"2024-11-12T02:45:26+00:00\" \/>\n<meta property=\"og:image\" content=\"https:\/\/hanspacespiyalepasa.com\/wp-content\/uploads\/2023\/11\/hanspaces-piyalepasa.jpg\" \/>\n\t<meta property=\"og:image:width\" content=\"1200\" \/>\n\t<meta property=\"og:image:height\" content=\"625\" \/>\n\t<meta property=\"og:image:type\" content=\"image\/jpeg\" \/>\n<meta name=\"twitter:card\" content=\"summary_large_image\" \/>\n<meta name=\"twitter:label1\" content=\"Est. reading time\" \/>\n\t<meta name=\"twitter:data1\" content=\"1 minute\" \/>\n<script type=\"application\/ld+json\" class=\"yoast-schema-graph\">{\"@context\":\"https:\/\/schema.org\",\"@graph\":[{\"@type\":\"WebPage\",\"@id\":\"https:\/\/hanspacespiyalepasa.com\/en\/explicit-consent-statement-regarding-the-processing-of-my-personal-data\/\",\"url\":\"https:\/\/hanspacespiyalepasa.com\/en\/explicit-consent-statement-regarding-the-processing-of-my-personal-data\/\",\"name\":\"Explicit Consent Statement Regarding the Processing of My Personal Data - HAN Spaces Piyalepa\u015fa\",\"isPartOf\":{\"@id\":\"https:\/\/hanspacespiyalepasa.com\/en\/#website\"},\"datePublished\":\"2023-09-04T13:09:10+00:00\",\"dateModified\":\"2024-11-12T02:45:26+00:00\",\"description\":\"Shared hybrid workspaces, ready offices, and co-working facilities in the heart of Istanbul's Beyo\u011flu!\",\"breadcrumb\":{\"@id\":\"https:\/\/hanspacespiyalepasa.com\/en\/explicit-consent-statement-regarding-the-processing-of-my-personal-data\/#breadcrumb\"},\"inLanguage\":\"en-US\",\"potentialAction\":[{\"@type\":\"ReadAction\",\"target\":[\"https:\/\/hanspacespiyalepasa.com\/en\/explicit-consent-statement-regarding-the-processing-of-my-personal-data\/\"]}]},{\"@type\":\"BreadcrumbList\",\"@id\":\"https:\/\/hanspacespiyalepasa.com\/en\/explicit-consent-statement-regarding-the-processing-of-my-personal-data\/#breadcrumb\",\"itemListElement\":[{\"@type\":\"ListItem\",\"position\":1,\"name\":\"Home\",\"item\":\"https:\/\/hanspacespiyalepasa.com\/en\/\"},{\"@type\":\"ListItem\",\"position\":2,\"name\":\"Explicit Consent Statement Regarding the Processing of My Personal Data\"}]},{\"@type\":\"WebSite\",\"@id\":\"https:\/\/hanspacespiyalepasa.com\/en\/#website\",\"url\":\"https:\/\/hanspacespiyalepasa.com\/en\/\",\"name\":\"HAN Spaces Piyalepasa\",\"description\":\"\",\"publisher\":{\"@id\":\"https:\/\/hanspacespiyalepasa.com\/en\/#organization\"},\"inLanguage\":\"en-US\"},{\"@type\":[\"Organization\",\"LocalBusiness\"],\"@id\":\"https:\/\/hanspacespiyalepasa.com\/en\/#organization\",\"name\":\"HAN Spaces Piyalepasa\",\"url\":\"https:\/\/hanspacespiyalepasa.com\/en\/\",\"logo\":{\"@type\":\"ImageObject\",\"url\":\"https:\/\/hanspacespiyalepasa.com\/wp-content\/uploads\/2023\/07\/hanspace.svg\"},\"image\":\"https:\/\/hanspacespiyalepasa.com\/wp-content\/uploads\/2023\/07\/hanspace.svg\",\"additionalType\":\"https:\/\/schema.org\/CoworkingSpace\",\"description\":\"HAN Spaces Piyalepa\u015fa, 7\/24 eri\u015fim, y\u00fcksek h\u0131zl\u0131 internet, resepsiyon, ikramlar ve g\u00fcvenlik hizmetleri sunan modern bir ortak \u00e7al\u0131\u015fma alan\u0131d\u0131r.\",\"telephone\":\"+90 850 211 97 98\",\"email\":\"info@hanspacespiyalepasa.com\",\"priceRange\":\"\u20ba\u20ba\",\"address\":{\"@type\":\"PostalAddress\",\"streetAddress\":\"\u0130stiklal Mah. Piyalepa\u015fa Bulvar\u0131 22\/1 Ticari, B Blok\",\"addressLocality\":\"Beyo\u011flu\",\"addressRegion\":\"\u0130stanbul\",\"postalCode\":\"34440\",\"addressCountry\":\"TR\"},\"geo\":{\"@type\":\"GeoCoordinates\",\"latitude\":41.038222,\"longitude\":28.9675},\"openingHoursSpecification\":[{\"@type\":\"OpeningHoursSpecification\",\"dayOfWeek\":[\"Monday\",\"Tuesday\",\"Wednesday\",\"Thursday\",\"Friday\",\"Saturday\",\"Sunday\"],\"opens\":\"00:00\",\"closes\":\"23:59\"}],\"amenityFeature\":[{\"@type\":\"LocationFeatureSpecification\",\"name\":\"Y\u00fcksek H\u0131zda Wi-Fi\",\"value\":true},{\"@type\":\"LocationFeatureSpecification\",\"name\":\"7\/24 Lokasyon Kullan\u0131m\u0131\",\"value\":true},{\"@type\":\"LocationFeatureSpecification\",\"name\":\"7\/24 G\u00fcvenlik & CCTV\",\"value\":true},{\"@type\":\"LocationFeatureSpecification\",\"name\":\"Kahve ve \u0130kramlar\",\"value\":true},{\"@type\":\"LocationFeatureSpecification\",\"name\":\"Resepsiyon Hizmetleri\",\"value\":true}],\"sameAs\":[\"https:\/\/www.instagram.com\/han_spaces\/\",\"https:\/\/www.facebook.com\/hanspaces.coworking\/\",\"https:\/\/www.linkedin.com\/company\/han-spaces\/\"]}]}<\/script>\n<!-- \/ Yoast SEO Premium plugin. -->","yoast_head_json":{"title":"Explicit Consent Statement Regarding the Processing of My Personal Data - HAN Spaces Piyalepa\u015fa","description":"Shared hybrid workspaces, ready offices, and co-working facilities in the heart of Istanbul's Beyo\u011flu!","robots":{"index":"noindex","follow":"nofollow"},"og_locale":"en_US","og_type":"article","og_title":"Explicit Consent Statement Regarding the Processing of My Personal Data","og_description":"Shared hybrid workspaces, ready offices, and co-working facilities in the heart of Istanbul's Beyo\u011flu!","og_url":"https:\/\/hanspacespiyalepasa.com\/en\/explicit-consent-statement-regarding-the-processing-of-my-personal-data\/","og_site_name":"HAN Spaces Piyalepa\u015fa","article_modified_time":"2024-11-12T02:45:26+00:00","og_image":[{"width":1200,"height":625,"url":"https:\/\/hanspacespiyalepasa.com\/wp-content\/uploads\/2023\/11\/hanspaces-piyalepasa.jpg","type":"image\/jpeg"}],"twitter_card":"summary_large_image","twitter_misc":{"Est. reading time":"1 minute"},"schema":{"@context":"https:\/\/schema.org","@graph":[{"@type":"WebPage","@id":"https:\/\/hanspacespiyalepasa.com\/en\/explicit-consent-statement-regarding-the-processing-of-my-personal-data\/","url":"https:\/\/hanspacespiyalepasa.com\/en\/explicit-consent-statement-regarding-the-processing-of-my-personal-data\/","name":"Explicit Consent Statement Regarding the Processing of My Personal Data - HAN Spaces Piyalepa\u015fa","isPartOf":{"@id":"https:\/\/hanspacespiyalepasa.com\/en\/#website"},"datePublished":"2023-09-04T13:09:10+00:00","dateModified":"2024-11-12T02:45:26+00:00","description":"Shared hybrid workspaces, ready offices, and co-working facilities in the heart of Istanbul's Beyo\u011flu!","breadcrumb":{"@id":"https:\/\/hanspacespiyalepasa.com\/en\/explicit-consent-statement-regarding-the-processing-of-my-personal-data\/#breadcrumb"},"inLanguage":"en-US","potentialAction":[{"@type":"ReadAction","target":["https:\/\/hanspacespiyalepasa.com\/en\/explicit-consent-statement-regarding-the-processing-of-my-personal-data\/"]}]},{"@type":"BreadcrumbList","@id":"https:\/\/hanspacespiyalepasa.com\/en\/explicit-consent-statement-regarding-the-processing-of-my-personal-data\/#breadcrumb","itemListElement":[{"@type":"ListItem","position":1,"name":"Home","item":"https:\/\/hanspacespiyalepasa.com\/en\/"},{"@type":"ListItem","position":2,"name":"Explicit Consent Statement Regarding the Processing of My Personal Data"}]},{"@type":"WebSite","@id":"https:\/\/hanspacespiyalepasa.com\/en\/#website","url":"https:\/\/hanspacespiyalepasa.com\/en\/","name":"HAN Spaces Piyalepasa","description":"","publisher":{"@id":"https:\/\/hanspacespiyalepasa.com\/en\/#organization"},"inLanguage":"en-US"},{"@type":["Organization","LocalBusiness"],"@id":"https:\/\/hanspacespiyalepasa.com\/en\/#organization","name":"HAN Spaces Piyalepasa","url":"https:\/\/hanspacespiyalepasa.com\/en\/","logo":{"@type":"ImageObject","url":"https:\/\/hanspacespiyalepasa.com\/wp-content\/uploads\/2023\/07\/hanspace.svg"},"image":"https:\/\/hanspacespiyalepasa.com\/wp-content\/uploads\/2023\/07\/hanspace.svg","additionalType":"https:\/\/schema.org\/CoworkingSpace","description":"HAN Spaces Piyalepa\u015fa, 7\/24 eri\u015fim, y\u00fcksek h\u0131zl\u0131 internet, resepsiyon, ikramlar ve g\u00fcvenlik hizmetleri sunan modern bir ortak \u00e7al\u0131\u015fma alan\u0131d\u0131r.","telephone":"+90 850 211 97 98","email":"info@hanspacespiyalepasa.com","priceRange":"\u20ba\u20ba","address":{"@type":"PostalAddress","streetAddress":"\u0130stiklal Mah. Piyalepa\u015fa Bulvar\u0131 22\/1 Ticari, B Blok","addressLocality":"Beyo\u011flu","addressRegion":"\u0130stanbul","postalCode":"34440","addressCountry":"TR"},"geo":{"@type":"GeoCoordinates","latitude":41.038222,"longitude":28.9675},"openingHoursSpecification":[{"@type":"OpeningHoursSpecification","dayOfWeek":["Monday","Tuesday","Wednesday","Thursday","Friday","Saturday","Sunday"],"opens":"00:00","closes":"23:59"}],"amenityFeature":[{"@type":"LocationFeatureSpecification","name":"Y\u00fcksek H\u0131zda Wi-Fi","value":true},{"@type":"LocationFeatureSpecification","name":"7\/24 Lokasyon Kullan\u0131m\u0131","value":true},{"@type":"LocationFeatureSpecification","name":"7\/24 G\u00fcvenlik & CCTV","value":true},{"@type":"LocationFeatureSpecification","name":"Kahve ve \u0130kramlar","value":true},{"@type":"LocationFeatureSpecification","name":"Resepsiyon Hizmetleri","value":true}],"sameAs":["https:\/\/www.instagram.com\/han_spaces\/","https:\/\/www.facebook.com\/hanspaces.coworking\/","https:\/\/www.linkedin.com\/company\/han-spaces\/"]}]}},"_links":{"self":[{"href":"https:\/\/hanspacespiyalepasa.com\/en\/wp-json\/wp\/v2\/pages\/2400","targetHints":{"allow":["GET"]}}],"collection":[{"href":"https:\/\/hanspacespiyalepasa.com\/en\/wp-json\/wp\/v2\/pages"}],"about":[{"href":"https:\/\/hanspacespiyalepasa.com\/en\/wp-json\/wp\/v2\/types\/page"}],"author":[{"embeddable":true,"href":"https:\/\/hanspacespiyalepasa.com\/en\/wp-json\/wp\/v2\/users\/6"}],"replies":[{"embeddable":true,"href":"https:\/\/hanspacespiyalepasa.com\/en\/wp-json\/wp\/v2\/comments?post=2400"}],"version-history":[{"count":0,"href":"https:\/\/hanspacespiyalepasa.com\/en\/wp-json\/wp\/v2\/pages\/2400\/revisions"}],"wp:attachment":[{"href":"https:\/\/hanspacespiyalepasa.com\/en\/wp-json\/wp\/v2\/media?parent=2400"}],"curies":[{"name":"wp","href":"https:\/\/api.w.org\/{rel}","templated":true}]}}