{"id":2397,"date":"2023-09-04T13:44:50","date_gmt":"2023-09-04T10:44:50","guid":{"rendered":"https:\/\/hanspacespiyalepasa.com\/iletisim\/"},"modified":"2025-07-22T11:28:54","modified_gmt":"2025-07-22T08:28:54","slug":"contact","status":"publish","type":"page","link":"https:\/\/hanspacespiyalepasa.com\/en\/contact\/","title":{"rendered":"Contact"},"content":{"rendered":"\t\t<div data-elementor-type=\"wp-page\" data-elementor-id=\"2397\" class=\"elementor elementor-2397 elementor-999\" data-elementor-post-type=\"page\">\n\t\t\t\t\t\t<section class=\"elementor-section elementor-top-section elementor-element elementor-element-d52f2f4 elementor-section-boxed elementor-section-height-default elementor-section-height-default\" data-id=\"d52f2f4\" data-element_type=\"section\" data-settings=\"{&quot;jet_parallax_layout_list&quot;:[],&quot;background_background&quot;:&quot;classic&quot;}\">\n\t\t\t\t\t\t<div class=\"elementor-container elementor-column-gap-no\">\n\t\t\t\t\t<div class=\"elementor-column elementor-col-33 elementor-top-column elementor-element elementor-element-d26058e\" data-id=\"d26058e\" data-element_type=\"column\">\n\t\t\t<div class=\"elementor-widget-wrap elementor-element-populated\">\n\t\t\t\t\t\t<div class=\"elementor-element elementor-element-2eee8b6 elementor-widget__width-initial elementor-widget elementor-widget-heading\" data-id=\"2eee8b6\" data-element_type=\"widget\" data-widget_type=\"heading.default\">\n\t\t\t\t<div class=\"elementor-widget-container\">\n\t\t\t\t\t<h1 class=\"elementor-heading-title elementor-size-default\">We are in the heart of Istanbul!<\/h1>\t\t\t\t<\/div>\n\t\t\t\t<\/div>\n\t\t\t\t\t<\/div>\n\t\t<\/div>\n\t\t\t\t<div class=\"elementor-column elementor-col-33 elementor-top-column elementor-element elementor-element-813e483\" data-id=\"813e483\" data-element_type=\"column\">\n\t\t\t<div class=\"elementor-widget-wrap elementor-element-populated\">\n\t\t\t\t\t\t<div class=\"elementor-element elementor-element-cc3df4c animated-slow elementor-invisible elementor-widget elementor-widget-heading\" data-id=\"cc3df4c\" data-element_type=\"widget\" data-settings=\"{&quot;_animation&quot;:&quot;fadeIn&quot;}\" data-widget_type=\"heading.default\">\n\t\t\t\t<div class=\"elementor-widget-container\">\n\t\t\t\t\t<p class=\"elementor-heading-title elementor-size-default\">The newest addition to the <b>HAN<\/b> family is now in the central district of Istanbul, Beyo\u011flu, brought to life with the assurance of Polat \u2013 Welcome to Piyalepa\u015fa Istanbul!<\/p>\t\t\t\t<\/div>\n\t\t\t\t<\/div>\n\t\t\t\t<div class=\"elementor-element elementor-element-1bd750a elementor-widget elementor-widget-image\" data-id=\"1bd750a\" data-element_type=\"widget\" data-widget_type=\"image.default\">\n\t\t\t\t<div class=\"elementor-widget-container\">\n\t\t\t\t\t\t\t\t\t\t\t\t\t\t\t<img decoding=\"async\" width=\"595\" height=\"54\" src=\"https:\/\/hanspacespiyalepasa.com\/wp-content\/uploads\/2024\/12\/line-088-1.svg\" class=\"attachment-large size-large wp-image-2969\" alt=\"\" \/>\t\t\t\t\t\t\t\t\t\t\t\t\t\t\t<\/div>\n\t\t\t\t<\/div>\n\t\t\t\t\t<\/div>\n\t\t<\/div>\n\t\t\t\t<div class=\"elementor-column elementor-col-33 elementor-top-column elementor-element elementor-element-020bb16 elementor-hidden-tablet elementor-hidden-mobile\" data-id=\"020bb16\" data-element_type=\"column\">\n\t\t\t<div class=\"elementor-widget-wrap\">\n\t\t\t\t\t\t\t<\/div>\n\t\t<\/div>\n\t\t\t\t\t<\/div>\n\t\t<\/section>\n\t\t\t\t<section class=\"elementor-section elementor-top-section elementor-element elementor-element-96fcac7 elementor-section-boxed elementor-section-height-default elementor-section-height-default\" data-id=\"96fcac7\" data-element_type=\"section\" data-settings=\"{&quot;jet_parallax_layout_list&quot;:[],&quot;background_background&quot;:&quot;classic&quot;}\">\n\t\t\t\t\t\t<div class=\"elementor-container elementor-column-gap-no\">\n\t\t\t\t\t<div class=\"elementor-column elementor-col-100 elementor-top-column elementor-element elementor-element-73cfad6\" data-id=\"73cfad6\" data-element_type=\"column\">\n\t\t\t<div class=\"elementor-widget-wrap elementor-element-populated\">\n\t\t\t\t\t\t<div class=\"elementor-element elementor-element-e3d2881 elementor-absolute elementor-widget elementor-widget-jet-map\" data-id=\"e3d2881\" data-element_type=\"widget\" data-settings=\"{&quot;_position&quot;:&quot;absolute&quot;}\" data-widget_type=\"jet-map.default\">\n\t\t\t\t<div class=\"elementor-widget-container\">\n\t\t\t\t\t<div class=\"jet-map\" data-init=\"{&quot;center&quot;:{&quot;lat&quot;:41.0422958,&quot;lng&quot;:28.9675912},&quot;zoom&quot;:11,&quot;scrollwheel&quot;:false,&quot;zoomControl&quot;:true,&quot;fullscreenControl&quot;:true,&quot;streetViewControl&quot;:true,&quot;mapTypeControl&quot;:true,&quot;pinsAutoClose&quot;:false}\" data-pins=\"[{&quot;address&quot;:&quot;\\u0130stiklal Mah. Piyalepa\\u015fa Bulv. 22\\\/1 Ticari, B Blok Beyo\\u011flu\\\/\\u0130stanbul&quot;,&quot;position&quot;:{&quot;lat&quot;:41.0422441,&quot;lng&quot;:28.9651584},&quot;desc&quot;:&quot;&lt;br&gt;&lt;pre&gt;&lt;img class=\\&quot;wp-image-1032 aligncenter\\&quot; src=\\&quot;http:\\\/\\\/hanspacespiyalepasa.com\\\/wp-content\\\/uploads\\\/2023\\\/07\\\/hanspaces.svg\\&quot; alt=\\&quot;\\&quot; width=\\&quot;119\\&quot; height=\\&quot;11\\&quot; \\\/&gt;&lt;\\\/pre&gt;\\n&lt;p style=\\&quot;text-align: center;\\&quot;&gt;\\u0130stiklal Mah. Piyalepa\\u015fa Bulvar\\u0131 22\\\/1 Ticari, B Blok Beyo\\u011flu\\\/\\u0130stanbul&lt;\\\/p&gt;&quot;,&quot;state&quot;:&quot;visible&quot;}]\"><\/div>\t\t\t\t<\/div>\n\t\t\t\t<\/div>\n\t\t\t\t\t<\/div>\n\t\t<\/div>\n\t\t\t\t\t<\/div>\n\t\t<\/section>\n\t\t\t\t<section class=\"elementor-section elementor-top-section elementor-element elementor-element-7705dd3 elementor-section-boxed elementor-section-height-default elementor-section-height-default\" data-id=\"7705dd3\" data-element_type=\"section\" data-settings=\"{&quot;jet_parallax_layout_list&quot;:[],&quot;background_background&quot;:&quot;classic&quot;}\">\n\t\t\t\t\t\t<div class=\"elementor-container elementor-column-gap-no\">\n\t\t\t\t\t<div class=\"elementor-column elementor-col-33 elementor-top-column elementor-element elementor-element-4617d84\" data-id=\"4617d84\" data-element_type=\"column\">\n\t\t\t<div class=\"elementor-widget-wrap elementor-element-populated\">\n\t\t\t\t\t\t<div class=\"elementor-element elementor-element-51db5ec elementor-view-stacked animated-slow elementor-shape-circle elementor-position-block-start elementor-mobile-position-block-start elementor-invisible elementor-widget elementor-widget-icon-box\" data-id=\"51db5ec\" data-element_type=\"widget\" data-settings=\"{&quot;_animation&quot;:&quot;fadeIn&quot;}\" data-widget_type=\"icon-box.default\">\n\t\t\t\t<div class=\"elementor-widget-container\">\n\t\t\t\t\t\t\t<div class=\"elementor-icon-box-wrapper\">\n\n\t\t\t\t\t\t<div class=\"elementor-icon-box-icon\">\n\t\t\t\t<span  class=\"elementor-icon\">\n\t\t\t\t<i aria-hidden=\"true\" class=\"material-icons md-location_on\"><\/i>\t\t\t\t<\/span>\n\t\t\t<\/div>\n\t\t\t\n\t\t\t\t\t\t<div class=\"elementor-icon-box-content\">\n\n\t\t\t\t\t\t\t\t\t<div class=\"elementor-icon-box-title\">\n\t\t\t\t\t\t<span  >\n\t\t\t\t\t\t\t \u0130stiklal Mah. Piyalepa\u015fa Bulvar\u0131 22\/1 Ticari, B Blok Beyo\u011flu\/\u0130stanbul\t\t\t\t\t\t<\/span>\n\t\t\t\t\t<\/div>\n\t\t\t\t\n\t\t\t\t\n\t\t\t<\/div>\n\t\t\t\n\t\t<\/div>\n\t\t\t\t\t\t<\/div>\n\t\t\t\t<\/div>\n\t\t\t\t\t<\/div>\n\t\t<\/div>\n\t\t\t\t<div class=\"elementor-column elementor-col-33 elementor-top-column elementor-element elementor-element-3e63e25\" data-id=\"3e63e25\" data-element_type=\"column\">\n\t\t\t<div class=\"elementor-widget-wrap elementor-element-populated\">\n\t\t\t\t\t\t<div class=\"elementor-element elementor-element-d881296 elementor-view-stacked animated-slow elementor-shape-circle elementor-position-block-start elementor-mobile-position-block-start elementor-invisible elementor-widget elementor-widget-icon-box\" data-id=\"d881296\" data-element_type=\"widget\" data-settings=\"{&quot;_animation&quot;:&quot;fadeIn&quot;}\" data-widget_type=\"icon-box.default\">\n\t\t\t\t<div class=\"elementor-widget-container\">\n\t\t\t\t\t\t\t<div class=\"elementor-icon-box-wrapper\">\n\n\t\t\t\t\t\t<div class=\"elementor-icon-box-icon\">\n\t\t\t\t<a href=\"tel:+905396332811\" class=\"elementor-icon\" tabindex=\"-1\" aria-label=\"0539 633 28 11\">\n\t\t\t\t<i aria-hidden=\"true\" class=\"material-icons md-phone_in_talk\"><\/i>\t\t\t\t<\/a>\n\t\t\t<\/div>\n\t\t\t\n\t\t\t\t\t\t<div class=\"elementor-icon-box-content\">\n\n\t\t\t\t\t\t\t\t\t<div class=\"elementor-icon-box-title\">\n\t\t\t\t\t\t<a href=\"tel:+905396332811\" >\n\t\t\t\t\t\t\t0539 633 28 11\t\t\t\t\t\t<\/a>\n\t\t\t\t\t<\/div>\n\t\t\t\t\n\t\t\t\t\n\t\t\t<\/div>\n\t\t\t\n\t\t<\/div>\n\t\t\t\t\t\t<\/div>\n\t\t\t\t<\/div>\n\t\t\t\t<div class=\"elementor-element elementor-element-87dd418 animated-slow elementor-invisible elementor-widget elementor-widget-icon-box\" data-id=\"87dd418\" data-element_type=\"widget\" data-settings=\"{&quot;_animation&quot;:&quot;fadeIn&quot;}\" data-widget_type=\"icon-box.default\">\n\t\t\t\t<div class=\"elementor-widget-container\">\n\t\t\t\t\t\t\t<div class=\"elementor-icon-box-wrapper\">\n\n\t\t\t\n\t\t\t\t\t\t<div class=\"elementor-icon-box-content\">\n\n\t\t\t\t\t\t\t\t\t<div class=\"elementor-icon-box-title\">\n\t\t\t\t\t\t<a href=\"tel:+908502119798\" >\n\t\t\t\t\t\t\t0850 211 97 98\t\t\t\t\t\t<\/a>\n\t\t\t\t\t<\/div>\n\t\t\t\t\n\t\t\t\t\n\t\t\t<\/div>\n\t\t\t\n\t\t<\/div>\n\t\t\t\t\t\t<\/div>\n\t\t\t\t<\/div>\n\t\t\t\t\t<\/div>\n\t\t<\/div>\n\t\t\t\t<div class=\"elementor-column elementor-col-33 elementor-top-column elementor-element elementor-element-199ec5d\" data-id=\"199ec5d\" data-element_type=\"column\">\n\t\t\t<div class=\"elementor-widget-wrap elementor-element-populated\">\n\t\t\t\t\t\t<div class=\"elementor-element elementor-element-6630bab elementor-view-stacked animated-slow elementor-shape-circle elementor-position-block-start elementor-mobile-position-block-start elementor-invisible elementor-widget elementor-widget-icon-box\" data-id=\"6630bab\" data-element_type=\"widget\" data-settings=\"{&quot;_animation&quot;:&quot;fadeIn&quot;}\" data-widget_type=\"icon-box.default\">\n\t\t\t\t<div class=\"elementor-widget-container\">\n\t\t\t\t\t\t\t<div class=\"elementor-icon-box-wrapper\">\n\n\t\t\t\t\t\t<div class=\"elementor-icon-box-icon\">\n\t\t\t\t<a href=\"mailto:info@hanspacespiyalepasa.com\" class=\"elementor-icon\" tabindex=\"-1\" aria-label=\"info@hanspacespiyalepasa.com\">\n\t\t\t\t<i aria-hidden=\"true\" class=\"fas fa-envelope\"><\/i>\t\t\t\t<\/a>\n\t\t\t<\/div>\n\t\t\t\n\t\t\t\t\t\t<div class=\"elementor-icon-box-content\">\n\n\t\t\t\t\t\t\t\t\t<div class=\"elementor-icon-box-title\">\n\t\t\t\t\t\t<a href=\"mailto:info@hanspacespiyalepasa.com\" >\n\t\t\t\t\t\t\tinfo@hanspacespiyalepasa.com\t\t\t\t\t\t<\/a>\n\t\t\t\t\t<\/div>\n\t\t\t\t\n\t\t\t\t\n\t\t\t<\/div>\n\t\t\t\n\t\t<\/div>\n\t\t\t\t\t\t<\/div>\n\t\t\t\t<\/div>\n\t\t\t\t\t<\/div>\n\t\t<\/div>\n\t\t\t\t\t<\/div>\n\t\t<\/section>\n\t\t\t\t<\/div>\n\t\t","protected":false},"excerpt":{"rendered":"<p>We are in the heart of Istanbul! The newest addition to the HAN family is now in the central district of Istanbul, Beyo\u011flu, brought to life with the assurance of Polat \u2013 Welcome to Piyalepa\u015fa Istanbul! \u0130stiklal Mah. Piyalepa\u015fa Bulvar\u0131 22\/1 Ticari, B Blok Beyo\u011flu\/\u0130stanbul 0539 633 28 11 0850 211 97 98 info@hanspacespiyalepasa.com<\/p>\n","protected":false},"author":6,"featured_media":0,"parent":0,"menu_order":0,"comment_status":"closed","ping_status":"closed","template":"elementor_header_footer","meta":{"_acf_changed":false,"_themeisle_gutenberg_block_has_review":false,"footnotes":""},"class_list":["post-2397","page","type-page","status-publish","hentry"],"acf":[],"yoast_head":"<!-- This site is optimized with the Yoast SEO Premium plugin v25.0 (Yoast SEO v26.6) - https:\/\/yoast.com\/wordpress\/plugins\/seo\/ -->\n<title>Contact - HAN Spaces Piyalepa\u015fa<\/title>\n<meta name=\"description\" content=\"Shared hybrid workspaces, ready offices, and co-working facilities in the heart of Istanbul&#039;s Beyo\u011flu!\" \/>\n<meta name=\"robots\" content=\"index, follow, max-snippet:-1, max-image-preview:large, max-video-preview:-1\" \/>\n<link rel=\"canonical\" href=\"https:\/\/hanspacespiyalepasa.com\/en\/contact\/\" \/>\n<meta property=\"og:locale\" content=\"en_US\" \/>\n<meta property=\"og:type\" content=\"article\" \/>\n<meta property=\"og:title\" content=\"Contact\" \/>\n<meta property=\"og:description\" content=\"Shared hybrid workspaces, ready offices, and co-working facilities in the heart of Istanbul&#039;s Beyo\u011flu!\" \/>\n<meta property=\"og:url\" content=\"https:\/\/hanspacespiyalepasa.com\/en\/contact\/\" \/>\n<meta property=\"og:site_name\" content=\"HAN Spaces Piyalepa\u015fa\" \/>\n<meta property=\"article:modified_time\" content=\"2025-07-22T08:28:54+00:00\" \/>\n<meta property=\"og:image\" content=\"https:\/\/hanspacespiyalepasa.com\/wp-content\/uploads\/2023\/11\/hanspaces-piyalepasa.jpg\" \/>\n\t<meta property=\"og:image:width\" content=\"1200\" \/>\n\t<meta property=\"og:image:height\" content=\"625\" \/>\n\t<meta property=\"og:image:type\" content=\"image\/jpeg\" \/>\n<meta name=\"twitter:card\" content=\"summary_large_image\" \/>\n<meta name=\"twitter:label1\" content=\"Est. reading time\" \/>\n\t<meta name=\"twitter:data1\" content=\"14 minutes\" \/>\n<script type=\"application\/ld+json\" class=\"yoast-schema-graph\">{\"@context\":\"https:\/\/schema.org\",\"@graph\":[{\"@type\":\"WebPage\",\"@id\":\"https:\/\/hanspacespiyalepasa.com\/en\/contact\/\",\"url\":\"https:\/\/hanspacespiyalepasa.com\/en\/contact\/\",\"name\":\"Contact - HAN Spaces Piyalepa\u015fa\",\"isPartOf\":{\"@id\":\"https:\/\/hanspacespiyalepasa.com\/en\/#website\"},\"primaryImageOfPage\":{\"@id\":\"https:\/\/hanspacespiyalepasa.com\/en\/contact\/#primaryimage\"},\"image\":{\"@id\":\"https:\/\/hanspacespiyalepasa.com\/en\/contact\/#primaryimage\"},\"thumbnailUrl\":\"https:\/\/hanspacespiyalepasa.com\/wp-content\/uploads\/2024\/12\/line-088-1.svg\",\"datePublished\":\"2023-09-04T10:44:50+00:00\",\"dateModified\":\"2025-07-22T08:28:54+00:00\",\"description\":\"Shared hybrid workspaces, ready offices, and co-working facilities in the heart of Istanbul's Beyo\u011flu!\",\"breadcrumb\":{\"@id\":\"https:\/\/hanspacespiyalepasa.com\/en\/contact\/#breadcrumb\"},\"inLanguage\":\"en-US\",\"potentialAction\":[{\"@type\":\"ReadAction\",\"target\":[\"https:\/\/hanspacespiyalepasa.com\/en\/contact\/\"]}]},{\"@type\":\"ImageObject\",\"inLanguage\":\"en-US\",\"@id\":\"https:\/\/hanspacespiyalepasa.com\/en\/contact\/#primaryimage\",\"url\":\"https:\/\/hanspacespiyalepasa.com\/wp-content\/uploads\/2024\/12\/line-088-1.svg\",\"contentUrl\":\"https:\/\/hanspacespiyalepasa.com\/wp-content\/uploads\/2024\/12\/line-088-1.svg\"},{\"@type\":\"BreadcrumbList\",\"@id\":\"https:\/\/hanspacespiyalepasa.com\/en\/contact\/#breadcrumb\",\"itemListElement\":[{\"@type\":\"ListItem\",\"position\":1,\"name\":\"Home\",\"item\":\"https:\/\/hanspacespiyalepasa.com\/en\/\"},{\"@type\":\"ListItem\",\"position\":2,\"name\":\"Contact\"}]},{\"@type\":\"WebSite\",\"@id\":\"https:\/\/hanspacespiyalepasa.com\/en\/#website\",\"url\":\"https:\/\/hanspacespiyalepasa.com\/en\/\",\"name\":\"HAN Spaces Piyalepasa\",\"description\":\"\",\"publisher\":{\"@id\":\"https:\/\/hanspacespiyalepasa.com\/en\/#organization\"},\"inLanguage\":\"en-US\"},{\"@type\":[\"Organization\",\"LocalBusiness\"],\"@id\":\"https:\/\/hanspacespiyalepasa.com\/en\/#organization\",\"name\":\"HAN Spaces Piyalepasa\",\"url\":\"https:\/\/hanspacespiyalepasa.com\/en\/\",\"logo\":{\"@type\":\"ImageObject\",\"url\":\"https:\/\/hanspacespiyalepasa.com\/wp-content\/uploads\/2023\/07\/hanspace.svg\"},\"image\":\"https:\/\/hanspacespiyalepasa.com\/wp-content\/uploads\/2023\/07\/hanspace.svg\",\"additionalType\":\"https:\/\/schema.org\/CoworkingSpace\",\"description\":\"HAN Spaces Piyalepa\u015fa, 7\/24 eri\u015fim, y\u00fcksek h\u0131zl\u0131 internet, resepsiyon, ikramlar ve g\u00fcvenlik hizmetleri sunan modern bir ortak \u00e7al\u0131\u015fma alan\u0131d\u0131r.\",\"telephone\":\"+90 850 211 97 98\",\"email\":\"info@hanspacespiyalepasa.com\",\"priceRange\":\"\u20ba\u20ba\",\"address\":{\"@type\":\"PostalAddress\",\"streetAddress\":\"\u0130stiklal Mah. Piyalepa\u015fa Bulvar\u0131 22\/1 Ticari, B Blok\",\"addressLocality\":\"Beyo\u011flu\",\"addressRegion\":\"\u0130stanbul\",\"postalCode\":\"34440\",\"addressCountry\":\"TR\"},\"geo\":{\"@type\":\"GeoCoordinates\",\"latitude\":41.038222,\"longitude\":28.9675},\"openingHoursSpecification\":[{\"@type\":\"OpeningHoursSpecification\",\"dayOfWeek\":[\"Monday\",\"Tuesday\",\"Wednesday\",\"Thursday\",\"Friday\",\"Saturday\",\"Sunday\"],\"opens\":\"00:00\",\"closes\":\"23:59\"}],\"amenityFeature\":[{\"@type\":\"LocationFeatureSpecification\",\"name\":\"Y\u00fcksek H\u0131zda Wi-Fi\",\"value\":true},{\"@type\":\"LocationFeatureSpecification\",\"name\":\"7\/24 Lokasyon Kullan\u0131m\u0131\",\"value\":true},{\"@type\":\"LocationFeatureSpecification\",\"name\":\"7\/24 G\u00fcvenlik & CCTV\",\"value\":true},{\"@type\":\"LocationFeatureSpecification\",\"name\":\"Kahve ve \u0130kramlar\",\"value\":true},{\"@type\":\"LocationFeatureSpecification\",\"name\":\"Resepsiyon Hizmetleri\",\"value\":true}],\"sameAs\":[\"https:\/\/www.instagram.com\/han_spaces\/\",\"https:\/\/www.facebook.com\/hanspaces.coworking\/\",\"https:\/\/www.linkedin.com\/company\/han-spaces\/\"]}]}<\/script>\n<!-- \/ Yoast SEO Premium plugin. -->","yoast_head_json":{"title":"Contact - HAN Spaces Piyalepa\u015fa","description":"Shared hybrid workspaces, ready offices, and co-working facilities in the heart of Istanbul's Beyo\u011flu!","robots":{"index":"index","follow":"follow","max-snippet":"max-snippet:-1","max-image-preview":"max-image-preview:large","max-video-preview":"max-video-preview:-1"},"canonical":"https:\/\/hanspacespiyalepasa.com\/en\/contact\/","og_locale":"en_US","og_type":"article","og_title":"Contact","og_description":"Shared hybrid workspaces, ready offices, and co-working facilities in the heart of Istanbul's Beyo\u011flu!","og_url":"https:\/\/hanspacespiyalepasa.com\/en\/contact\/","og_site_name":"HAN Spaces Piyalepa\u015fa","article_modified_time":"2025-07-22T08:28:54+00:00","og_image":[{"width":1200,"height":625,"url":"https:\/\/hanspacespiyalepasa.com\/wp-content\/uploads\/2023\/11\/hanspaces-piyalepasa.jpg","type":"image\/jpeg"}],"twitter_card":"summary_large_image","twitter_misc":{"Est. reading time":"14 minutes"},"schema":{"@context":"https:\/\/schema.org","@graph":[{"@type":"WebPage","@id":"https:\/\/hanspacespiyalepasa.com\/en\/contact\/","url":"https:\/\/hanspacespiyalepasa.com\/en\/contact\/","name":"Contact - HAN Spaces Piyalepa\u015fa","isPartOf":{"@id":"https:\/\/hanspacespiyalepasa.com\/en\/#website"},"primaryImageOfPage":{"@id":"https:\/\/hanspacespiyalepasa.com\/en\/contact\/#primaryimage"},"image":{"@id":"https:\/\/hanspacespiyalepasa.com\/en\/contact\/#primaryimage"},"thumbnailUrl":"https:\/\/hanspacespiyalepasa.com\/wp-content\/uploads\/2024\/12\/line-088-1.svg","datePublished":"2023-09-04T10:44:50+00:00","dateModified":"2025-07-22T08:28:54+00:00","description":"Shared hybrid workspaces, ready offices, and co-working facilities in the heart of Istanbul's Beyo\u011flu!","breadcrumb":{"@id":"https:\/\/hanspacespiyalepasa.com\/en\/contact\/#breadcrumb"},"inLanguage":"en-US","potentialAction":[{"@type":"ReadAction","target":["https:\/\/hanspacespiyalepasa.com\/en\/contact\/"]}]},{"@type":"ImageObject","inLanguage":"en-US","@id":"https:\/\/hanspacespiyalepasa.com\/en\/contact\/#primaryimage","url":"https:\/\/hanspacespiyalepasa.com\/wp-content\/uploads\/2024\/12\/line-088-1.svg","contentUrl":"https:\/\/hanspacespiyalepasa.com\/wp-content\/uploads\/2024\/12\/line-088-1.svg"},{"@type":"BreadcrumbList","@id":"https:\/\/hanspacespiyalepasa.com\/en\/contact\/#breadcrumb","itemListElement":[{"@type":"ListItem","position":1,"name":"Home","item":"https:\/\/hanspacespiyalepasa.com\/en\/"},{"@type":"ListItem","position":2,"name":"Contact"}]},{"@type":"WebSite","@id":"https:\/\/hanspacespiyalepasa.com\/en\/#website","url":"https:\/\/hanspacespiyalepasa.com\/en\/","name":"HAN Spaces Piyalepasa","description":"","publisher":{"@id":"https:\/\/hanspacespiyalepasa.com\/en\/#organization"},"inLanguage":"en-US"},{"@type":["Organization","LocalBusiness"],"@id":"https:\/\/hanspacespiyalepasa.com\/en\/#organization","name":"HAN Spaces Piyalepasa","url":"https:\/\/hanspacespiyalepasa.com\/en\/","logo":{"@type":"ImageObject","url":"https:\/\/hanspacespiyalepasa.com\/wp-content\/uploads\/2023\/07\/hanspace.svg"},"image":"https:\/\/hanspacespiyalepasa.com\/wp-content\/uploads\/2023\/07\/hanspace.svg","additionalType":"https:\/\/schema.org\/CoworkingSpace","description":"HAN Spaces Piyalepa\u015fa, 7\/24 eri\u015fim, y\u00fcksek h\u0131zl\u0131 internet, resepsiyon, ikramlar ve g\u00fcvenlik hizmetleri sunan modern bir ortak \u00e7al\u0131\u015fma alan\u0131d\u0131r.","telephone":"+90 850 211 97 98","email":"info@hanspacespiyalepasa.com","priceRange":"\u20ba\u20ba","address":{"@type":"PostalAddress","streetAddress":"\u0130stiklal Mah. Piyalepa\u015fa Bulvar\u0131 22\/1 Ticari, B Blok","addressLocality":"Beyo\u011flu","addressRegion":"\u0130stanbul","postalCode":"34440","addressCountry":"TR"},"geo":{"@type":"GeoCoordinates","latitude":41.038222,"longitude":28.9675},"openingHoursSpecification":[{"@type":"OpeningHoursSpecification","dayOfWeek":["Monday","Tuesday","Wednesday","Thursday","Friday","Saturday","Sunday"],"opens":"00:00","closes":"23:59"}],"amenityFeature":[{"@type":"LocationFeatureSpecification","name":"Y\u00fcksek H\u0131zda Wi-Fi","value":true},{"@type":"LocationFeatureSpecification","name":"7\/24 Lokasyon Kullan\u0131m\u0131","value":true},{"@type":"LocationFeatureSpecification","name":"7\/24 G\u00fcvenlik & CCTV","value":true},{"@type":"LocationFeatureSpecification","name":"Kahve ve \u0130kramlar","value":true},{"@type":"LocationFeatureSpecification","name":"Resepsiyon Hizmetleri","value":true}],"sameAs":["https:\/\/www.instagram.com\/han_spaces\/","https:\/\/www.facebook.com\/hanspaces.coworking\/","https:\/\/www.linkedin.com\/company\/han-spaces\/"]}]}},"_links":{"self":[{"href":"https:\/\/hanspacespiyalepasa.com\/en\/wp-json\/wp\/v2\/pages\/2397","targetHints":{"allow":["GET"]}}],"collection":[{"href":"https:\/\/hanspacespiyalepasa.com\/en\/wp-json\/wp\/v2\/pages"}],"about":[{"href":"https:\/\/hanspacespiyalepasa.com\/en\/wp-json\/wp\/v2\/types\/page"}],"author":[{"embeddable":true,"href":"https:\/\/hanspacespiyalepasa.com\/en\/wp-json\/wp\/v2\/users\/6"}],"replies":[{"embeddable":true,"href":"https:\/\/hanspacespiyalepasa.com\/en\/wp-json\/wp\/v2\/comments?post=2397"}],"version-history":[{"count":0,"href":"https:\/\/hanspacespiyalepasa.com\/en\/wp-json\/wp\/v2\/pages\/2397\/revisions"}],"wp:attachment":[{"href":"https:\/\/hanspacespiyalepasa.com\/en\/wp-json\/wp\/v2\/media?parent=2397"}],"curies":[{"name":"wp","href":"https:\/\/api.w.org\/{rel}","templated":true}]}}